{"id":35982,"date":"2026-03-28T19:00:56","date_gmt":"2026-03-28T18:00:56","guid":{"rendered":"https:\/\/www.phonux.events\/legal-notice\/"},"modified":"2024-08-18T20:11:27","modified_gmt":"2024-08-18T18:11:27","slug":"legal-notice","status":"publish","type":"page","link":"https:\/\/www.phonux.events\/en\/legal-notice\/","title":{"rendered":"Legal Notice"},"content":{"rendered":"\t\t<div data-elementor-type=\"wp-page\" data-elementor-id=\"35982\" class=\"elementor elementor-35982 elementor-34094\">\n\t\t\t\t<div class=\"e-con-with-custom-width elementor-element elementor-element-7e91800 e-flex e-con-boxed sc_layouts_column_icons_position_left e-con e-parent\" data-id=\"7e91800\" data-element_type=\"container\">\n\t\t\t\t\t<div class=\"e-con-inner\">\n\t\t\t\t<div class=\"elementor-element elementor-element-801a2a0 sc_fly_static elementor-widget elementor-widget-text-editor\" data-id=\"801a2a0\" data-element_type=\"widget\" data-widget_type=\"text-editor.default\">\n\t\t\t\t<div class=\"elementor-widget-container\">\n\t\t\t\t\t\t\t\t\t<p style=\"text-align: center;\">Ren\u00e9 H\u00f6no<br \/>\nphonux events<br \/>\nBerliner Stra\u00dfe 16<br \/>\n13189 Berlin<br \/>\nDeutschland<\/p>\n<p style=\"text-align: center;\">Tel.: <a href=\"tel:+491716568150\">01716568150<\/a><br \/>\nE-Mail: <a href=\"mailto:rene@phonux.events\">rene@phonux.events<\/a><\/p>\n<p style=\"text-align: center;\">VAT identification number: DE245568179<\/p>\n<p style=\"text-align: center;\">Platform of the EU Commission regarding online dispute resolution: <a href=\"https:\/\/ec.europa.eu\/odr\" target=\"_blank\" rel=\"noopener\">https:\/\/ec.europa.eu\/odr<\/a><\/p>\n<p style=\"text-align: center;\">We are neither obliged nor prepared to attend a dispute settlement procedure before an alternative dispute resolution entity.<\/p>\n\t\t\t\t\t\t\t\t<\/div>\n\t\t\t\t<\/div>\n\t\t\t\t\t<\/div>\n\t\t\t\t<\/div>\n\t\t<div class=\"e-con-with-custom-width elementor-element elementor-element-0067c82 standard-spacing-top e-flex e-con-boxed sc_layouts_column_icons_position_left e-con e-parent\" data-id=\"0067c82\" data-element_type=\"container\">\n\t\t\t\t\t<div class=\"e-con-inner\">\n\t\t\t\t<div class=\"elementor-element elementor-element-45d7f66 sc_fly_static elementor-widget elementor-widget-heading\" data-id=\"45d7f66\" data-element_type=\"widget\" data-widget_type=\"heading.default\">\n\t\t\t\t<div class=\"elementor-widget-container\">\n\t\t\t\t\t<h2 class=\"elementor-heading-title elementor-size-default\">Concept, design, text, photo production &amp; programming<\/h2>\t\t\t\t<\/div>\n\t\t\t\t<\/div>\n\t\t\t\t<div class=\"elementor-element elementor-element-7432e60 sc_fly_static elementor-widget elementor-widget-text-editor\" data-id=\"7432e60\" data-element_type=\"widget\" data-widget_type=\"text-editor.default\">\n\t\t\t\t<div class=\"elementor-widget-container\">\n\t\t\t\t\t\t\t\t\t<p>WEBKREATION<br \/>Pappelallee 78\/79<br \/>10437 Berlin<br \/><a href=\"mailto:hallo@webkreation.berlin\">hallo@webkreation.berlin<\/a><br \/><a href=\"https:\/\/www.webkreation.berlin\/\" target=\"_blank\" rel=\"noopener\">www.webkreation.berlin<\/a><\/p>\n\t\t\t\t\t\t\t\t<\/div>\n\t\t\t\t<\/div>\n\t\t\t\t\t<\/div>\n\t\t\t\t<\/div>\n\t\t<div class=\"e-con-with-custom-width elementor-element elementor-element-2f38d9d standard-spacing-top e-flex e-con-boxed sc_layouts_column_icons_position_left e-con e-parent\" data-id=\"2f38d9d\" data-element_type=\"container\">\n\t\t\t\t\t<div class=\"e-con-inner\">\n\t\t\t\t<div class=\"elementor-element elementor-element-aeed343 sc_fly_static elementor-widget elementor-widget-heading\" data-id=\"aeed343\" data-element_type=\"widget\" data-widget_type=\"heading.default\">\n\t\t\t\t<div class=\"elementor-widget-container\">\n\t\t\t\t\t<h2 class=\"elementor-heading-title elementor-size-default\">Operator and responsible for content<\/h2>\t\t\t\t<\/div>\n\t\t\t\t<\/div>\n\t\t\t\t<div class=\"elementor-element elementor-element-742e03e sc_fly_static elementor-widget elementor-widget-text-editor\" data-id=\"742e03e\" data-element_type=\"widget\" data-widget_type=\"text-editor.default\">\n\t\t\t\t<div class=\"elementor-widget-container\">\n\t\t\t\t\t\t\t\t\t<p>phonux events<br \/>Ren\u00e9 H\u00f6no<br \/><a href=\"https:\/\/www.phonux.events\/en\/\">www.phonux.events<\/a><\/p>\n\t\t\t\t\t\t\t\t<\/div>\n\t\t\t\t<\/div>\n\t\t\t\t\t<\/div>\n\t\t\t\t<\/div>\n\t\t<div class=\"e-con-with-custom-width elementor-element elementor-element-74f7733 standard-spacing-top e-flex e-con-boxed sc_layouts_column_icons_position_left e-con e-parent\" data-id=\"74f7733\" data-element_type=\"container\">\n\t\t\t\t\t<div class=\"e-con-inner\">\n\t\t\t\t<div class=\"elementor-element elementor-element-7cc27be sc_fly_static elementor-widget elementor-widget-heading\" data-id=\"7cc27be\" data-element_type=\"widget\" data-widget_type=\"heading.default\">\n\t\t\t\t<div class=\"elementor-widget-container\">\n\t\t\t\t\t<h2 class=\"elementor-heading-title elementor-size-default\">Liability and copyrights<\/h2>\t\t\t\t<\/div>\n\t\t\t\t<\/div>\n\t\t\t\t<div class=\"elementor-element elementor-element-7c47f0e sc_fly_static elementor-widget elementor-widget-text-editor\" data-id=\"7c47f0e\" data-element_type=\"widget\" data-widget_type=\"text-editor.default\">\n\t\t\t\t<div class=\"elementor-widget-container\">\n\t\t\t\t\t\t\t\t\t<p>The information is constantly checked and updated by Ren\u00e9 H\u00f6no (phonux events). However, no liability or guarantee can be assumed for the correctness, completeness and topicality of the information provided. The same applies to all websites that are referred to via hyperlinks. Ren\u00e9 H\u00f6no (phonux events) assumes no responsibility for the presentation and content of the website that can be reached through such a connection. The content and structure of the website are protected by copyright. The use of texts, parts of texts or images requires the prior consent of Ren\u00e9 H\u00f6no (phonux events).<\/p>\n\t\t\t\t\t\t\t\t<\/div>\n\t\t\t\t<\/div>\n\t\t\t\t\t<\/div>\n\t\t\t\t<\/div>\n\t\t\t\t<\/div>\n\t\t","protected":false},"excerpt":{"rendered":"<p>Ren\u00e9 H\u00f6no phonux events Berliner Stra\u00dfe 16 13189 Berlin Deutschland Tel.: 01716568150 E-Mail: rene@phonux.events VAT identification number: DE245568179 Platform of the EU Commission regarding online dispute resolution: https:\/\/ec.europa.eu\/odr We are&hellip;<\/p>\n","protected":false},"author":1,"featured_media":0,"parent":0,"menu_order":98,"comment_status":"closed","ping_status":"closed","template":"","meta":{"inline_featured_image":false,"footnotes":""},"class_list":["post-35982","page","type-page","status-publish","hentry"],"aioseo_notices":[],"_links":{"self":[{"href":"https:\/\/www.phonux.events\/en\/wp-json\/wp\/v2\/pages\/35982","targetHints":{"allow":["GET"]}}],"collection":[{"href":"https:\/\/www.phonux.events\/en\/wp-json\/wp\/v2\/pages"}],"about":[{"href":"https:\/\/www.phonux.events\/en\/wp-json\/wp\/v2\/types\/page"}],"author":[{"embeddable":true,"href":"https:\/\/www.phonux.events\/en\/wp-json\/wp\/v2\/users\/1"}],"replies":[{"embeddable":true,"href":"https:\/\/www.phonux.events\/en\/wp-json\/wp\/v2\/comments?post=35982"}],"version-history":[{"count":3,"href":"https:\/\/www.phonux.events\/en\/wp-json\/wp\/v2\/pages\/35982\/revisions"}],"predecessor-version":[{"id":36625,"href":"https:\/\/www.phonux.events\/en\/wp-json\/wp\/v2\/pages\/35982\/revisions\/36625"}],"wp:attachment":[{"href":"https:\/\/www.phonux.events\/en\/wp-json\/wp\/v2\/media?parent=35982"}],"curies":[{"name":"wp","href":"https:\/\/api.w.org\/{rel}","templated":true}]}}